{"id":6673,"date":"2025-07-25T09:06:10","date_gmt":"2025-07-25T07:06:10","guid":{"rendered":"https:\/\/newweb.factorydata.com\/?page_id=6673"},"modified":"2025-07-30T12:55:51","modified_gmt":"2025-07-30T10:55:51","slug":"blog-acceso","status":"publish","type":"page","link":"https:\/\/www.factorydata.com\/en\/blog-acceso\/","title":{"rendered":"Blog Acceso"},"content":{"rendered":"<div data-elementor-type=\"wp-page\" data-elementor-id=\"6673\" class=\"elementor elementor-6673\">\n\t\t\t\t<div class=\"elementor-element elementor-element-51f16bb full-width-factory e-con-full e-flex e-con e-parent\" data-id=\"51f16bb\" data-element_type=\"container\">\n\t\t\t\t<div class=\"elementor-element elementor-element-4371c52 elementor-widget elementor-widget-spacer\" data-id=\"4371c52\" data-element_type=\"widget\" data-widget_type=\"spacer.default\">\n\t\t\t\t<div class=\"elementor-widget-container\">\n\t\t\t\t\t\t\t<div class=\"elementor-spacer\">\n\t\t\t<div class=\"elementor-spacer-inner\"><\/div>\n\t\t<\/div>\n\t\t\t\t\t\t<\/div>\n\t\t\t\t<\/div>\n\t\t\t\t<\/div>\n\t\t<div class=\"elementor-element elementor-element-5bedf93 e-flex e-con-boxed e-con e-parent\" data-id=\"5bedf93\" data-element_type=\"container\">\n\t\t\t\t\t<div class=\"e-con-inner\">\n\t\t\t\t<div class=\"elementor-element elementor-element-ca08e6f elementor-grid-eael-col-3 elementor-grid-tablet-eael-col-2 elementor-grid-mobile-eael-col-1 elementor-widget elementor-widget-eael-post-grid\" data-id=\"ca08e6f\" data-element_type=\"widget\" id=\"blog-section\" data-settings=\"{&quot;eael_post_grid_columns&quot;:&quot;eael-col-3&quot;,&quot;eael_post_grid_columns_tablet&quot;:&quot;eael-col-2&quot;,&quot;eael_post_grid_columns_mobile&quot;:&quot;eael-col-1&quot;}\" data-widget_type=\"eael-post-grid.default\">\n\t\t\t\t<div class=\"elementor-widget-container\">\n\t\t\t\t\t<div id=\"eael-post-grid-ca08e6f\" class=\"eael-post-grid-container\">\n            <div class=\"eael-post-grid eael-post-appender eael-post-appender-ca08e6f eael-post-grid-style-two\" data-layout-mode=\"grid\"><article class=\"eael-grid-post eael-post-grid-column\" data-id=\"8240\">\n    <div class=\"eael-grid-post-holder\">\n        <div class=\"eael-grid-post-holder-inner\"><div class=\"eael-entry-wrapper\"><header class=\"eael-entry-header\"><h4 class=\"eael-entry-title\"><a class=\"eael-grid-post-link\" href=\"https:\/\/www.factorydata.com\/en\/your-demand-response-capacity-isnt-measured\/\" title=\"Your Demand Response Capacity Isn\u2019t Measured\"target=\"_blank\">Your Demand Response Capacity Isn\u2019t Measured<\/a><\/h4><\/header><div class=\"eael-entry-content\">\n                                <div class=\"eael-grid-post-excerpt\"><p>Most aftermarket companies believe they are in control of their...<\/p><a href=\"https:\/\/www.factorydata.com\/en\/your-demand-response-capacity-isnt-measured\/\" class=\"eael-post-elements-readmore-btn\"target=\"_blank\">Leer m\u00e1s<\/a><\/div>\n                            <\/div><div class=\"eael-entry-header-after style-two\"><div class=\"eael-entry-meta\"><span class=\"eael-meta-posted-on\"><i class=\"far fa-clock\"><\/i><time datetime=\"April 15, 2026\">April 15, 2026<\/time><\/span><\/div><\/div><\/div><\/div>\n    <\/div>\n<\/article><article class=\"eael-grid-post eael-post-grid-column\" data-id=\"8229\">\n    <div class=\"eael-grid-post-holder\">\n        <div class=\"eael-grid-post-holder-inner\"><div class=\"eael-entry-wrapper\"><header class=\"eael-entry-header\"><h4 class=\"eael-entry-title\"><a class=\"eael-grid-post-link\" href=\"https:\/\/www.factorydata.com\/en\/no-estas-midiendo-tu-capacidad-de-respuesta\/\" title=\"No est\u00e1s midiendo tu capacidad de respuesta\"target=\"_blank\">No est\u00e1s midiendo tu capacidad de respuesta<\/a><\/h4><\/header><div class=\"eael-entry-content\">\n                                <div class=\"eael-grid-post-excerpt\"><p>La mayor\u00eda de empresas del aftermarket creen que controlan su...<\/p><a href=\"https:\/\/www.factorydata.com\/en\/no-estas-midiendo-tu-capacidad-de-respuesta\/\" class=\"eael-post-elements-readmore-btn\"target=\"_blank\">Leer m\u00e1s<\/a><\/div>\n                            <\/div><div class=\"eael-entry-header-after style-two\"><div class=\"eael-entry-meta\"><span class=\"eael-meta-posted-on\"><i class=\"far fa-clock\"><\/i><time datetime=\"April 15, 2026\">April 15, 2026<\/time><\/span><\/div><\/div><\/div><\/div>\n    <\/div>\n<\/article><article class=\"eael-grid-post eael-post-grid-column\" data-id=\"7801\">\n    <div class=\"eael-grid-post-holder\">\n        <div class=\"eael-grid-post-holder-inner\"><div class=\"eael-entry-wrapper\"><header class=\"eael-entry-header\"><h4 class=\"eael-entry-title\"><a class=\"eael-grid-post-link\" href=\"https:\/\/www.factorydata.com\/en\/beyond-lost-sales-understanding-demand-conversion\/\" title=\"Beyond Lost Sales: Understanding Demand Conversion\"target=\"_blank\">Beyond Lost Sales: Understanding Demand Conversion<\/a><\/h4><\/header><div class=\"eael-entry-content\">\n                                <div class=\"eael-grid-post-excerpt\"><p>The aftermarket analyzes whether something sells. NEO detects whether it...<\/p><a href=\"https:\/\/www.factorydata.com\/en\/beyond-lost-sales-understanding-demand-conversion\/\" class=\"eael-post-elements-readmore-btn\"target=\"_blank\">Leer m\u00e1s<\/a><\/div>\n                            <\/div><div class=\"eael-entry-header-after style-two\"><div class=\"eael-entry-meta\"><span class=\"eael-meta-posted-on\"><i class=\"far fa-clock\"><\/i><time datetime=\"March 10, 2026\">March 10, 2026<\/time><\/span><\/div><\/div><\/div><\/div>\n    <\/div>\n<\/article><article class=\"eael-grid-post eael-post-grid-column\" data-id=\"7785\">\n    <div class=\"eael-grid-post-holder\">\n        <div class=\"eael-grid-post-holder-inner\"><div class=\"eael-entry-wrapper\"><header class=\"eael-entry-header\"><h4 class=\"eael-entry-title\"><a class=\"eael-grid-post-link\" href=\"https:\/\/www.factorydata.com\/en\/mas-alla-de-las-ventas-perdidas-la-conversion-de-demanda\/\" title=\"M\u00e1s all\u00e1 de las ventas perdidas: la Conversi\u00f3n de Demanda\"target=\"_blank\">M\u00e1s all\u00e1 de las ventas perdidas: la Conversi\u00f3n de Demanda<\/a><\/h4><\/header><div class=\"eael-entry-content\">\n                                <div class=\"eael-grid-post-excerpt\"><p>El aftermarket analiza si se vende. NEO detecta si puede...<\/p><a href=\"https:\/\/www.factorydata.com\/en\/mas-alla-de-las-ventas-perdidas-la-conversion-de-demanda\/\" class=\"eael-post-elements-readmore-btn\"target=\"_blank\">Leer m\u00e1s<\/a><\/div>\n                            <\/div><div class=\"eael-entry-header-after style-two\"><div class=\"eael-entry-meta\"><span class=\"eael-meta-posted-on\"><i class=\"far fa-clock\"><\/i><time datetime=\"March 10, 2026\">March 10, 2026<\/time><\/span><\/div><\/div><\/div><\/div>\n    <\/div>\n<\/article><article class=\"eael-grid-post eael-post-grid-column\" data-id=\"7555\">\n    <div class=\"eael-grid-post-holder\">\n        <div class=\"eael-grid-post-holder-inner\"><div class=\"eael-entry-wrapper\"><header class=\"eael-entry-header\"><h4 class=\"eael-entry-title\"><a class=\"eael-grid-post-link\" href=\"https:\/\/www.factorydata.com\/en\/beyond-stock-demand-conversion\/\" title=\"Beyond Stock: Demand Conversion\"target=\"_blank\">Beyond Stock: Demand Conversion<\/a><\/h4><\/header><div class=\"eael-entry-content\">\n                                <div class=\"eael-grid-post-excerpt\"><p>For years, the aftermarket sector has associated \u201clost sales\u201d with...<\/p><a href=\"https:\/\/www.factorydata.com\/en\/beyond-stock-demand-conversion\/\" class=\"eael-post-elements-readmore-btn\"target=\"_blank\">Leer m\u00e1s<\/a><\/div>\n                            <\/div><div class=\"eael-entry-header-after style-two\"><div class=\"eael-entry-meta\"><span class=\"eael-meta-posted-on\"><i class=\"far fa-clock\"><\/i><time datetime=\"February 23, 2026\">February 23, 2026<\/time><\/span><\/div><\/div><\/div><\/div>\n    <\/div>\n<\/article><article class=\"eael-grid-post eael-post-grid-column\" data-id=\"7549\">\n    <div class=\"eael-grid-post-holder\">\n        <div class=\"eael-grid-post-holder-inner\"><div class=\"eael-entry-wrapper\"><header class=\"eael-entry-header\"><h4 class=\"eael-entry-title\"><a class=\"eael-grid-post-link\" href=\"https:\/\/www.factorydata.com\/en\/mas-alla-del-stock-conversion-de-demanda\/\" title=\"M\u00e1s all\u00e1 del stock: Conversi\u00f3n de Demanda\"target=\"_blank\">M\u00e1s all\u00e1 del stock: Conversi\u00f3n de Demanda<\/a><\/h4><\/header><div class=\"eael-entry-content\">\n                                <div class=\"eael-grid-post-excerpt\"><p>Durante a\u00f1os, el sector del recambio ha asociado la \u201cventa...<\/p><a href=\"https:\/\/www.factorydata.com\/en\/mas-alla-del-stock-conversion-de-demanda\/\" class=\"eael-post-elements-readmore-btn\"target=\"_blank\">Leer m\u00e1s<\/a><\/div>\n                            <\/div><div class=\"eael-entry-header-after style-two\"><div class=\"eael-entry-meta\"><span class=\"eael-meta-posted-on\"><i class=\"far fa-clock\"><\/i><time datetime=\"February 23, 2026\">February 23, 2026<\/time><\/span><\/div><\/div><\/div><\/div>\n    <\/div>\n<\/article><\/div>\n            <div class=\"clearfix\"><\/div>\n        <\/div>            <div class=\"eael-load-more-button-wrap\">\n                <button class=\"eael-load-more-button\" id=\"eael-load-more-btn-ca08e6f\" data-widget-id=\"ca08e6f\" data-widget=\"ca08e6f\" data-page-id=\"6673\" data-template=\"{&quot;dir&quot;:&quot;lite&quot;,&quot;file_name&quot;:&quot;two.php&quot;,&quot;name&quot;:&quot;Post-Grid&quot;}\" data-class=\"Essential_Addons_Elementor\\Elements\\Post_Grid\" data-layout=\"grid\" data-page=\"1\" data-args=\"orderby=date&amp;order=desc&amp;ignore_sticky_posts=1&amp;post_status=publish&amp;posts_per_page=6&amp;offset=0&amp;post_type=post\" data-max-page=\"31\">\n                    <span class=\"eael-btn-loader button__loader\"><\/span>\n                    <span class=\"eael_load_more_text\">LOAD MORE<\/span>\n                <\/button>\n            <\/div>\n            \t\t\t\t<\/div>\n\t\t\t\t<\/div>\n\t\t\t\t\t<\/div>\n\t\t\t\t<\/div>\n\t\t\t\t<\/div>","protected":false},"excerpt":{"rendered":"<p>Is it possible to compete with TecAlliance? Strategies and players in the aftermarket In the auto parts sector, there&#8217;s no [&hellip;]<\/p>","protected":false},"author":1,"featured_media":0,"parent":0,"menu_order":0,"comment_status":"closed","ping_status":"closed","template":"","meta":{"site-sidebar-layout":"no-sidebar","site-content-layout":"plain-container","ast-site-content-layout":"default","site-content-style":"default","site-sidebar-style":"default","ast-global-header-display":"","ast-banner-title-visibility":"","ast-main-header-display":"","ast-hfb-above-header-display":"","ast-hfb-below-header-display":"","ast-hfb-mobile-header-display":"","site-post-title":"disabled","ast-breadcrumbs-content":"","ast-featured-img":"","footer-sml-layout":"","theme-transparent-header-meta":"enabled","adv-header-id-meta":"","stick-header-meta":"","header-above-stick-meta":"","header-main-stick-meta":"","header-below-stick-meta":"","astra-migrate-meta-layouts":"default","ast-page-background-enabled":"default","ast-page-background-meta":{"desktop":{"background-color":"var(--ast-global-color-5)","background-image":"","background-repeat":"repeat","background-position":"center center","background-size":"auto","background-attachment":"scroll","background-type":"","background-media":"","overlay-type":"","overlay-color":"","overlay-opacity":"","overlay-gradient":""},"tablet":{"background-color":"","background-image":"","background-repeat":"repeat","background-position":"center center","background-size":"auto","background-attachment":"scroll","background-type":"","background-media":"","overlay-type":"","overlay-color":"","overlay-opacity":"","overlay-gradient":""},"mobile":{"background-color":"","background-image":"","background-repeat":"repeat","background-position":"center center","background-size":"auto","background-attachment":"scroll","background-type":"","background-media":"","overlay-type":"","overlay-color":"","overlay-opacity":"","overlay-gradient":""}},"ast-content-background-meta":{"desktop":{"background-color":"var(--ast-global-color-4)","background-image":"","background-repeat":"repeat","background-position":"center center","background-size":"auto","background-attachment":"scroll","background-type":"","background-media":"","overlay-type":"","overlay-color":"","overlay-opacity":"","overlay-gradient":""},"tablet":{"background-color":"var(--ast-global-color-4)","background-image":"","background-repeat":"repeat","background-position":"center center","background-size":"auto","background-attachment":"scroll","background-type":"","background-media":"","overlay-type":"","overlay-color":"","overlay-opacity":"","overlay-gradient":""},"mobile":{"background-color":"var(--ast-global-color-4)","background-image":"","background-repeat":"repeat","background-position":"center center","background-size":"auto","background-attachment":"scroll","background-type":"","background-media":"","overlay-type":"","overlay-color":"","overlay-opacity":"","overlay-gradient":""}},"footnotes":""},"class_list":["post-6673","page","type-page","status-publish","hentry"],"yoast_head":"<!-- This site is optimized with the Yoast SEO plugin v25.5 - https:\/\/yoast.com\/wordpress\/plugins\/seo\/ -->\n<title>Blog Acceso - Factory Data<\/title>\n<meta name=\"robots\" content=\"index, follow, max-snippet:-1, max-image-preview:large, max-video-preview:-1\" \/>\n<link rel=\"canonical\" href=\"https:\/\/www.factorydata.com\/en\/blog-acceso\/\" \/>\n<meta property=\"og:locale\" content=\"en_GB\" \/>\n<meta property=\"og:type\" content=\"article\" \/>\n<meta property=\"og:title\" content=\"Blog Acceso - Factory Data\" \/>\n<meta property=\"og:description\" content=\"Is it possible to compete with TecAlliance? Strategies and players in the aftermarket In the auto parts sector, there&#8217;s no [&hellip;]\" \/>\n<meta property=\"og:url\" content=\"https:\/\/www.factorydata.com\/en\/blog-acceso\/\" \/>\n<meta property=\"og:site_name\" content=\"Factory Data\" \/>\n<meta property=\"article:modified_time\" content=\"2025-07-30T10:55:51+00:00\" \/>\n<meta name=\"twitter:card\" content=\"summary_large_image\" \/>\n<meta name=\"twitter:label1\" content=\"Estimated reading time\" \/>\n\t<meta name=\"twitter:data1\" content=\"1 minute\" \/>\n<script type=\"application\/ld+json\" class=\"yoast-schema-graph\">{\"@context\":\"https:\/\/schema.org\",\"@graph\":[{\"@type\":\"WebPage\",\"@id\":\"https:\/\/www.factorydata.com\/blog-acceso\/\",\"url\":\"https:\/\/www.factorydata.com\/blog-acceso\/\",\"name\":\"Blog Acceso - Factory Data\",\"isPartOf\":{\"@id\":\"https:\/\/www.factorydata.com\/#website\"},\"datePublished\":\"2025-07-25T07:06:10+00:00\",\"dateModified\":\"2025-07-30T10:55:51+00:00\",\"breadcrumb\":{\"@id\":\"https:\/\/www.factorydata.com\/blog-acceso\/#breadcrumb\"},\"inLanguage\":\"en-GB\",\"potentialAction\":[{\"@type\":\"ReadAction\",\"target\":[\"https:\/\/www.factorydata.com\/blog-acceso\/\"]}]},{\"@type\":\"BreadcrumbList\",\"@id\":\"https:\/\/www.factorydata.com\/blog-acceso\/#breadcrumb\",\"itemListElement\":[{\"@type\":\"ListItem\",\"position\":1,\"name\":\"Portada\",\"item\":\"https:\/\/www.factorydata.com\/\"},{\"@type\":\"ListItem\",\"position\":2,\"name\":\"Blog Acceso\"}]},{\"@type\":\"WebSite\",\"@id\":\"https:\/\/www.factorydata.com\/#website\",\"url\":\"https:\/\/www.factorydata.com\/\",\"name\":\"Factory Data\",\"description\":\"\",\"publisher\":{\"@id\":\"https:\/\/www.factorydata.com\/#organization\"},\"potentialAction\":[{\"@type\":\"SearchAction\",\"target\":{\"@type\":\"EntryPoint\",\"urlTemplate\":\"https:\/\/www.factorydata.com\/?s={search_term_string}\"},\"query-input\":{\"@type\":\"PropertyValueSpecification\",\"valueRequired\":true,\"valueName\":\"search_term_string\"}}],\"inLanguage\":\"en-GB\"},{\"@type\":\"Organization\",\"@id\":\"https:\/\/www.factorydata.com\/#organization\",\"name\":\"Factory Data\",\"url\":\"https:\/\/www.factorydata.com\/\",\"logo\":{\"@type\":\"ImageObject\",\"inLanguage\":\"en-GB\",\"@id\":\"https:\/\/www.factorydata.com\/#\/schema\/logo\/image\/\",\"url\":\"https:\/\/www.factorydata.com\/wp-content\/uploads\/2026\/03\/cropped-NEO-logo_color.png\",\"contentUrl\":\"https:\/\/www.factorydata.com\/wp-content\/uploads\/2026\/03\/cropped-NEO-logo_color.png\",\"width\":801,\"height\":267,\"caption\":\"Factory Data\"},\"image\":{\"@id\":\"https:\/\/www.factorydata.com\/#\/schema\/logo\/image\/\"}}]}<\/script>\n<!-- \/ Yoast SEO plugin. -->","yoast_head_json":{"title":"Blog Acceso - Factory Data","robots":{"index":"index","follow":"follow","max-snippet":"max-snippet:-1","max-image-preview":"max-image-preview:large","max-video-preview":"max-video-preview:-1"},"canonical":"https:\/\/www.factorydata.com\/en\/blog-acceso\/","og_locale":"en_GB","og_type":"article","og_title":"Blog Acceso - Factory Data","og_description":"Is it possible to compete with TecAlliance? Strategies and players in the aftermarket In the auto parts sector, there&#8217;s no [&hellip;]","og_url":"https:\/\/www.factorydata.com\/en\/blog-acceso\/","og_site_name":"Factory Data","article_modified_time":"2025-07-30T10:55:51+00:00","twitter_card":"summary_large_image","twitter_misc":{"Estimated reading time":"1 minute"},"schema":{"@context":"https:\/\/schema.org","@graph":[{"@type":"WebPage","@id":"https:\/\/www.factorydata.com\/blog-acceso\/","url":"https:\/\/www.factorydata.com\/blog-acceso\/","name":"Blog Acceso - Factory Data","isPartOf":{"@id":"https:\/\/www.factorydata.com\/#website"},"datePublished":"2025-07-25T07:06:10+00:00","dateModified":"2025-07-30T10:55:51+00:00","breadcrumb":{"@id":"https:\/\/www.factorydata.com\/blog-acceso\/#breadcrumb"},"inLanguage":"en-GB","potentialAction":[{"@type":"ReadAction","target":["https:\/\/www.factorydata.com\/blog-acceso\/"]}]},{"@type":"BreadcrumbList","@id":"https:\/\/www.factorydata.com\/blog-acceso\/#breadcrumb","itemListElement":[{"@type":"ListItem","position":1,"name":"Portada","item":"https:\/\/www.factorydata.com\/"},{"@type":"ListItem","position":2,"name":"Blog Acceso"}]},{"@type":"WebSite","@id":"https:\/\/www.factorydata.com\/#website","url":"https:\/\/www.factorydata.com\/","name":"Factory Data","description":"","publisher":{"@id":"https:\/\/www.factorydata.com\/#organization"},"potentialAction":[{"@type":"SearchAction","target":{"@type":"EntryPoint","urlTemplate":"https:\/\/www.factorydata.com\/?s={search_term_string}"},"query-input":{"@type":"PropertyValueSpecification","valueRequired":true,"valueName":"search_term_string"}}],"inLanguage":"en-GB"},{"@type":"Organization","@id":"https:\/\/www.factorydata.com\/#organization","name":"Factory Data","url":"https:\/\/www.factorydata.com\/","logo":{"@type":"ImageObject","inLanguage":"en-GB","@id":"https:\/\/www.factorydata.com\/#\/schema\/logo\/image\/","url":"https:\/\/www.factorydata.com\/wp-content\/uploads\/2026\/03\/cropped-NEO-logo_color.png","contentUrl":"https:\/\/www.factorydata.com\/wp-content\/uploads\/2026\/03\/cropped-NEO-logo_color.png","width":801,"height":267,"caption":"Factory Data"},"image":{"@id":"https:\/\/www.factorydata.com\/#\/schema\/logo\/image\/"}}]}},"_links":{"self":[{"href":"https:\/\/www.factorydata.com\/en\/wp-json\/wp\/v2\/pages\/6673","targetHints":{"allow":["GET"]}}],"collection":[{"href":"https:\/\/www.factorydata.com\/en\/wp-json\/wp\/v2\/pages"}],"about":[{"href":"https:\/\/www.factorydata.com\/en\/wp-json\/wp\/v2\/types\/page"}],"author":[{"embeddable":true,"href":"https:\/\/www.factorydata.com\/en\/wp-json\/wp\/v2\/users\/1"}],"replies":[{"embeddable":true,"href":"https:\/\/www.factorydata.com\/en\/wp-json\/wp\/v2\/comments?post=6673"}],"version-history":[{"count":0,"href":"https:\/\/www.factorydata.com\/en\/wp-json\/wp\/v2\/pages\/6673\/revisions"}],"wp:attachment":[{"href":"https:\/\/www.factorydata.com\/en\/wp-json\/wp\/v2\/media?parent=6673"}],"curies":[{"name":"wp","href":"https:\/\/api.w.org\/{rel}","templated":true}]}}